{"id":29,"date":"2018-12-19T10:54:05","date_gmt":"2018-12-19T10:54:05","guid":{"rendered":"https:\/\/hilfskasse-bvg.de\/?page_id=29"},"modified":"2019-01-19T10:23:34","modified_gmt":"2019-01-19T10:23:34","slug":"satzung","status":"publish","type":"page","link":"https:\/\/hilfskasse-bvg.de\/?page_id=29","title":{"rendered":"Hilfskasse BVG"},"content":{"rendered":"\n<p>Mit dem nachstehenden Link k\u00f6nnen die Satzung der Hilfskasse BVG einsehen.<br \/><a href=\"https:\/\/hilfskasse-bvg.de\/wp-content\/uploads\/2019\/01\/satzung_hilfskasse.pdf\"><strong><u>Hilfskasse BVG<\/u><\/strong><\/a> &#8211; Stand: 01.01.2015<\/p>\n<p><strong>Leistungen der Hilfskasse<\/strong><\/p>\n<p>Die Hilfskasse BVG zahlt Ihren Mitgliedern ein Sterbegeld gem\u00e4\u00df Satzung. Ma\u00dfgeblich sind die jeweils aktuellen Bestimmungen bei Eintritt des Versicherungsfalles. Die Versicherungssumme betr\u00e4gt bei einem Eintrittsalter von 18 Jahren zurzeit beispielsweise 900,- Euro.<\/p>\n<table width=\"248\">\n<tbody>\n<tr>\n<td width=\"61\">Eintrittsalter<\/td>\n<td width=\"187\">Versicherungssumme (Sterbegeld) in EUR<\/td>\n<\/tr>\n<tr>\n<td width=\"61\">18<\/td>\n<td width=\"187\">900<\/td>\n<\/tr>\n<tr>\n<td width=\"61\">19<\/td>\n<td width=\"187\">877<\/td>\n<\/tr>\n<tr>\n<td width=\"61\">20<\/td>\n<td width=\"187\">855<\/td>\n<\/tr>\n<tr>\n<td width=\"61\">21<\/td>\n<td width=\"187\">833<\/td>\n<\/tr>\n<tr>\n<td width=\"61\">22<\/td>\n<td width=\"187\">811<\/td>\n<\/tr>\n<tr>\n<td width=\"61\">23<\/td>\n<td width=\"187\">789<\/td>\n<\/tr>\n<tr>\n<td width=\"61\">24<\/td>\n<td width=\"187\">768<\/td>\n<\/tr>\n<tr>\n<td width=\"61\">25<\/td>\n<td width=\"187\">747<\/td>\n<\/tr>\n<tr>\n<td width=\"61\">26<\/td>\n<td width=\"187\">726<\/td>\n<\/tr>\n<tr>\n<td width=\"61\">27<\/td>\n<td width=\"187\">706<\/td>\n<\/tr>\n<tr>\n<td width=\"61\">28<\/td>\n<td width=\"187\">686<\/td>\n<\/tr>\n<tr>\n<td width=\"61\">29<\/td>\n<td width=\"187\">666<\/td>\n<\/tr>\n<tr>\n<td width=\"61\">30<\/td>\n<td width=\"187\">646<\/td>\n<\/tr>\n<tr>\n<td width=\"61\">31<\/td>\n<td width=\"187\">626<\/td>\n<\/tr>\n<tr>\n<td width=\"61\">32<\/td>\n<td width=\"187\">607<\/td>\n<\/tr>\n<tr>\n<td width=\"61\">33<\/td>\n<td width=\"187\">588<\/td>\n<\/tr>\n<tr>\n<td width=\"61\">34<\/td>\n<td width=\"187\">570<\/td>\n<\/tr>\n<tr>\n<td width=\"61\">35<\/td>\n<td width=\"187\">551<\/td>\n<\/tr>\n<tr>\n<td width=\"61\">36<\/td>\n<td width=\"187\">533<\/td>\n<\/tr>\n<tr>\n<td width=\"61\">37<\/td>\n<td width=\"187\">515<\/td>\n<\/tr>\n<tr>\n<td width=\"61\">38<\/td>\n<td width=\"187\">498<\/td>\n<\/tr>\n<tr>\n<td width=\"61\">39<\/td>\n<td width=\"187\">481<\/td>\n<\/tr>\n<tr>\n<td width=\"61\">40<\/td>\n<td width=\"187\">464<\/td>\n<\/tr>\n<tr>\n<td width=\"61\">41<\/td>\n<td width=\"187\">447<\/td>\n<\/tr>\n<tr>\n<td width=\"61\">42<\/td>\n<td width=\"187\">431<\/td>\n<\/tr>\n<tr>\n<td width=\"61\">43<\/td>\n<td width=\"187\">415<\/td>\n<\/tr>\n<tr>\n<td width=\"61\">44<\/td>\n<td width=\"187\">400<\/td>\n<\/tr>\n<tr>\n<td width=\"61\">45<\/td>\n<td width=\"187\">385<\/td>\n<\/tr>\n<tr>\n<td width=\"61\">46<\/td>\n<td width=\"187\">370<\/td>\n<\/tr>\n<tr>\n<td width=\"61\">47<\/td>\n<td width=\"187\">356<\/td>\n<\/tr>\n<tr>\n<td width=\"61\">48<\/td>\n<td width=\"187\">341<\/td>\n<\/tr>\n<tr>\n<td width=\"61\">49<\/td>\n<td width=\"187\">328<\/td>\n<\/tr>\n<tr>\n<td width=\"61\">50<\/td>\n<td width=\"187\">314<\/td>\n<\/tr>\n<\/tbody>\n<\/table>\n<p>Hierzu k\u00f6nnen Sie sich die Leistungstabelle mit einem Klick ansehen.<br \/><strong><u><a href=\"https:\/\/hilfskasse-bvg.de\/wp-content\/uploads\/2019\/01\/versicherungssummen_eintrittsalter.pdf\">Versicherungssummen Eintrittsalter<\/a><\/u><\/strong><\/p>\n<p>\u00a0<\/p>\n\n\n\n<h2><\/h2>\n","protected":false},"excerpt":{"rendered":"<p>Mit dem nachstehenden Link k\u00f6nnen die Satzung der Hilfskasse BVG einsehen.Hilfskasse BVG &#8211; Stand: 01.01.2015 Leistungen der Hilfskasse Die Hilfskasse<\/p>\n","protected":false},"author":1,"featured_media":0,"parent":0,"menu_order":0,"comment_status":"closed","ping_status":"closed","template":"","meta":[],"_links":{"self":[{"href":"https:\/\/hilfskasse-bvg.de\/index.php?rest_route=\/wp\/v2\/pages\/29"}],"collection":[{"href":"https:\/\/hilfskasse-bvg.de\/index.php?rest_route=\/wp\/v2\/pages"}],"about":[{"href":"https:\/\/hilfskasse-bvg.de\/index.php?rest_route=\/wp\/v2\/types\/page"}],"author":[{"embeddable":true,"href":"https:\/\/hilfskasse-bvg.de\/index.php?rest_route=\/wp\/v2\/users\/1"}],"replies":[{"embeddable":true,"href":"https:\/\/hilfskasse-bvg.de\/index.php?rest_route=%2Fwp%2Fv2%2Fcomments&post=29"}],"version-history":[{"count":31,"href":"https:\/\/hilfskasse-bvg.de\/index.php?rest_route=\/wp\/v2\/pages\/29\/revisions"}],"predecessor-version":[{"id":439,"href":"https:\/\/hilfskasse-bvg.de\/index.php?rest_route=\/wp\/v2\/pages\/29\/revisions\/439"}],"wp:attachment":[{"href":"https:\/\/hilfskasse-bvg.de\/index.php?rest_route=%2Fwp%2Fv2%2Fmedia&parent=29"}],"curies":[{"name":"wp","href":"https:\/\/api.w.org\/{rel}","templated":true}]}}