{"id":10,"date":"2018-12-19T10:31:30","date_gmt":"2018-12-19T10:31:30","guid":{"rendered":"https:\/\/hilfskasse-bvg.de\/?page_id=10"},"modified":"2019-01-19T10:09:39","modified_gmt":"2019-01-19T10:09:39","slug":"home","status":"publish","type":"page","link":"https:\/\/hilfskasse-bvg.de\/","title":{"rendered":"Willkommen"},"content":{"rendered":"<p><strong>Hilfskasse BVG<\/strong><\/p>\n<p>Die Hilfskasse BVG ist ein Kleinerer Versicherungsverein gem\u00e4\u00df \u00a7 210 des Versicherungsaufsichtsgesetzes (VAG). Der Verein hat den Zweck, seinen Mitgliedern und minderj\u00e4hrigen Kindern ein Sterbegeld nach Ma\u00dfgabe der Satzung und Leistungstabellen zu zahlen. Die Mitgliedschaft in der Hilfskasse BVG schlie\u00dft die in der Unterst\u00fctzungseinrichtung BVG verbindlich ein.<\/p>\n<p><strong>Unterst\u00fctzungseinrichtung BVG<\/strong><\/p>\n<p>Die Unterst\u00fctzungseinrichtung BVG ist eine Selbsthilfeeinrichtung, die ihren Mitgliedern zu diversen Anl\u00e4ssen, z.B. Eheschlie\u00dfung, Geburt eines Kindes, sowie Krankenhausaufenthalt und Heilverfahren finanzielle Unterst\u00fctzung gew\u00e4hrt. Eine Mitgliedschaft nur in der Unterst\u00fctzungseinrichtung BVG ist nicht m\u00f6glich.<\/p>\n<p>\u00a0<\/p>\n<p>\u00a0<\/p>\n<p>\u00a0<\/p>\n<p>\u00a0<\/p>\n<p>\u00a0<\/p>\n<p>\u00a0<\/p>\n<p>\u00a0<\/p>\n<p>\u00a0<\/p>\n<p>\u00a0<\/p>\n<p>\u00a0<\/p>\n<p>\u00a0<\/p>\n<p>\u00a0<\/p>\n\n\n<h2><\/h2>\n","protected":false},"excerpt":{"rendered":"<p>Hilfskasse BVG Die Hilfskasse BVG ist ein Kleinerer Versicherungsverein gem\u00e4\u00df \u00a7 210 des Versicherungsaufsichtsgesetzes (VAG). Der Verein hat den Zweck,<\/p>\n","protected":false},"author":1,"featured_media":0,"parent":0,"menu_order":0,"comment_status":"closed","ping_status":"closed","template":"","meta":[],"_links":{"self":[{"href":"https:\/\/hilfskasse-bvg.de\/index.php?rest_route=\/wp\/v2\/pages\/10"}],"collection":[{"href":"https:\/\/hilfskasse-bvg.de\/index.php?rest_route=\/wp\/v2\/pages"}],"about":[{"href":"https:\/\/hilfskasse-bvg.de\/index.php?rest_route=\/wp\/v2\/types\/page"}],"author":[{"embeddable":true,"href":"https:\/\/hilfskasse-bvg.de\/index.php?rest_route=\/wp\/v2\/users\/1"}],"replies":[{"embeddable":true,"href":"https:\/\/hilfskasse-bvg.de\/index.php?rest_route=%2Fwp%2Fv2%2Fcomments&post=10"}],"version-history":[{"count":15,"href":"https:\/\/hilfskasse-bvg.de\/index.php?rest_route=\/wp\/v2\/pages\/10\/revisions"}],"predecessor-version":[{"id":426,"href":"https:\/\/hilfskasse-bvg.de\/index.php?rest_route=\/wp\/v2\/pages\/10\/revisions\/426"}],"wp:attachment":[{"href":"https:\/\/hilfskasse-bvg.de\/index.php?rest_route=%2Fwp%2Fv2%2Fmedia&parent=10"}],"curies":[{"name":"wp","href":"https:\/\/api.w.org\/{rel}","templated":true}]}}